{"id":1783,"date":"2019-10-23T12:34:21","date_gmt":"2019-10-23T12:34:21","guid":{"rendered":"https:\/\/wp-eu.peoplepath.com\/hpi\/login\/login\/"},"modified":"2026-03-24T14:40:21","modified_gmt":"2026-03-24T14:40:21","slug":"login","status":"publish","type":"page","link":"https:\/\/hpi-alumni.de\/login\/","title":{"rendered":"Login"},"content":{"rendered":"<p>[et_pb_section fb_built=&#8220;1&#8243; fullwidth=&#8220;on&#8220; disabled_on=&#8220;off|off|off&#8220; admin_label=&#8220;Section iw-login-dropdown&#8220; module_class=&#8220;iw-login-dropdown-outer&#8220; _builder_version=&#8220;4.21.0&#8243; _module_preset=&#8220;default&#8220; collapsed=&#8220;off&#8220; global_colors_info=&#8220;{}&#8220;][et_pb_fullwidth_code _builder_version=&#8220;4.27.4&#8243; _module_preset=&#8220;default&#8220; hover_enabled=&#8220;0&#8243; global_colors_info=&#8220;{}&#8220; sticky_enabled=&#8220;0&#8243;]<\/pee><!-- [et_pb_line_break_holder] --><pee><script type=\"text\/javascript\"><!-- [et_pb_line_break_holder] -->jQuery(document).ready(function($){<!-- [et_pb_line_break_holder] --><!-- [et_pb_line_break_holder] -->  let $el = $('.iw-login-dropdown-outer');<!-- [et_pb_line_break_holder] -->  $($el).appendTo(\"header#main-header\");<!-- [et_pb_line_break_holder] -->  <!-- [et_pb_line_break_holder] -->  \/* $('#menu-item-wpml-ls-9-en').hover(function(event) {<!-- [et_pb_line_break_holder] -->    <!-- [et_pb_line_break_holder] -->    if ( $('#iw-login-container').hasClass('active') ) {<!-- [et_pb_line_break_holder] -->      $('#iw-login-container').removeClass('active')<!-- [et_pb_line_break_holder] -->    }<!-- [et_pb_line_break_holder] -->    <!-- [et_pb_line_break_holder] -->    if ( $('.iw-login-trigger').hasClass('active') ) {<!-- [et_pb_line_break_holder] -->      $('.iw-login-trigger').removeClass('active')<!-- [et_pb_line_break_holder] -->    }<!-- [et_pb_line_break_holder] -->    <!-- [et_pb_line_break_holder] -->  }); *\/<!-- [et_pb_line_break_holder] --><!-- [et_pb_line_break_holder] -->  $('.iw-show-login').click(function(event) {<!-- [et_pb_line_break_holder] -->    event.preventDefault();<!-- [et_pb_line_break_holder] -->    $('#iw-login-container').toggleClass('active');<!-- [et_pb_line_break_holder] -->    $('.iw-login-trigger').toggleClass('active');<!-- [et_pb_line_break_holder] -->  });<!-- [et_pb_line_break_holder] -->  <!-- [et_pb_line_break_holder] -->  \/* $( '.iw-show-login' ).hover(<!-- [et_pb_line_break_holder] -->  \tfunction() {<!-- [et_pb_line_break_holder] -->   \t\t$('#iw-login-container').addClass('active');<!-- [et_pb_line_break_holder] -->    \t$('.iw-login-trigger').addClass('active');<!-- [et_pb_line_break_holder] -->  \t}, function() {<!-- [et_pb_line_break_holder] -->    \t$('#iw-login-container').removeClass('active');<!-- [et_pb_line_break_holder] -->    \t$('.iw-login-trigger').removeClass('active');<!-- [et_pb_line_break_holder] -->  \t}<!-- [et_pb_line_break_holder] -->\t);<!-- [et_pb_line_break_holder] -->  <!-- [et_pb_line_break_holder] -->  $( '#iw-login-container' ).hover(<!-- [et_pb_line_break_holder] -->  \tfunction() {<!-- [et_pb_line_break_holder] -->   \t\t$('#iw-login-container').addClass('active');<!-- [et_pb_line_break_holder] -->    \t$('.iw-login-trigger').addClass('active');<!-- [et_pb_line_break_holder] -->  }); *\/<!-- [et_pb_line_break_holder] --><!-- [et_pb_line_break_holder] -->  checkScrollPosition();<!-- [et_pb_line_break_holder] --><!-- [et_pb_line_break_holder] -->  function checkScrollPosition() {<!-- [et_pb_line_break_holder] -->    let scrollPosition = window.scrollY;<!-- [et_pb_line_break_holder] -->\t\tlet headerContainer = document.getElementById(\"main-header\");<!-- [et_pb_line_break_holder] -->\t\tscrollPosition = window.scrollY;<!-- [et_pb_line_break_holder] --><!-- [et_pb_line_break_holder] -->    if (scrollPosition >= 30) {<!-- [et_pb_line_break_holder] -->        headerContainer.classList.add('iw-scrolled');<!-- [et_pb_line_break_holder] -->    } else {<!-- [et_pb_line_break_holder] -->        headerContainer.classList.remove('iw-scrolled');<!-- [et_pb_line_break_holder] -->    }<!-- [et_pb_line_break_holder] -->\t}<!-- [et_pb_line_break_holder] --><!-- [et_pb_line_break_holder] -->\twindow.addEventListener('scroll', function() {<!-- [et_pb_line_break_holder] -->\t\tcheckScrollPosition();<!-- [et_pb_line_break_holder] -->\t});<!-- [et_pb_line_break_holder] --><!-- [et_pb_line_break_holder] --><!-- [et_pb_line_break_holder] -->});<!-- [et_pb_line_break_holder] --><\/script>[\/et_pb_fullwidth_code][\/et_pb_section][et_pb_section fb_built=&#8220;1&#8243; admin_label=&#8220;Section &#8211; hero&#8220; module_class=&#8220;iw-hero&#8220; _builder_version=&#8220;4.27.0&#8243; _module_preset=&#8220;default&#8220; background_color=&#8220;RGBA(255,255,255,0)&#8220; background_image=&#8220;https:\/\/hpi-alumni.de\/login\/wp-content\/uploads\/2024\/12\/241125_HPI_AlumniPortal_LandingPage_Hero_01.webp&#8220; background_position=&#8220;top_center&#8220; background_blend=&#8220;hard-light&#8220; custom_padding=&#8220;0px||0px||false|false&#8220; background_color_phone=&#8220;RGBA(255,255,255,0)&#8220; background_last_edited=&#8220;on|tablet&#8220; background_enable_color_phone=&#8220;on&#8220; background_image_phone=&#8220;https:\/\/hpi-alumni.de\/login\/wp-content\/uploads\/2024\/12\/241125_HPI_AlumniPortal_LandingPage_Hero_01-1024&#215;512.jpg&#8220; background_enable_image_phone=&#8220;on&#8220; background_size_phone=&#8220;contain&#8220; background_repeat_phone=&#8220;no-repeat&#8220; collapsed=&#8220;off&#8220; global_colors_info=&#8220;{}&#8220;][et_pb_row module_class=&#8220;iw-hero-row&#8220; _builder_version=&#8220;4.27.0&#8243; _module_preset=&#8220;default&#8220; custom_padding=&#8220;0px||0px||false|false&#8220; global_colors_info=&#8220;{}&#8220;][et_pb_column type=&#8220;4_4&#8243; _builder_version=&#8220;4.21.0&#8243; _module_preset=&#8220;default&#8220; global_colors_info=&#8220;{}&#8220;][et_pb_code admin_label=&#8220;Code &#8211; iw-hero-text&#8220; module_class=&#8220;iw-hero-text&#8220; _builder_version=&#8220;4.27.6&#8243; _module_preset=&#8220;default&#8220; hover_enabled=&#8220;0&#8243; global_colors_info=&#8220;{}&#8220; sticky_enabled=&#8220;0&#8243;]<\/p>\n<h1>Ihr HPI Alumni- und Karriereportal<\/h1>\n<p><!-- [et_pb_line_break_holder] --><pee>Werden Sie Teil des weltweiten HPI Netzwerks und gestalten Sie Ihren beruflichen Erfolg<\/pee><!-- [et_pb_line_break_holder] --><!-- [et_pb_line_break_holder] --><a href=\"https:\/\/hpi-alumni.de\/login\/registrieren\/?lang=de\" class=\"iw-button iw-button-primary\">Registrieren<\/a>[\/et_pb_code][\/et_pb_column][\/et_pb_row][\/et_pb_section][et_pb_section fb_built=&#8220;1&#8243; admin_label=&#8220;Section &#8211; benefits&#8220; module_class=&#8220;iw-section iw-benefits iw-theme-white&#8220; _builder_version=&#8220;4.22.2&#8243; _module_preset=&#8220;default&#8220; collapsed=&#8220;off&#8220; global_colors_info=&#8220;{}&#8220;][et_pb_row _builder_version=&#8220;4.22.1&#8243; _module_preset=&#8220;default&#8220; global_colors_info=&#8220;{}&#8220;][et_pb_column type=&#8220;4_4&#8243; _builder_version=&#8220;4.22.1&#8243; _module_preset=&#8220;default&#8220; global_colors_info=&#8220;{}&#8220;][et_pb_code _builder_version=&#8220;4.27.4&#8243; _module_preset=&#8220;default&#8220; global_colors_info=&#8220;{}&#8220;]<\/p>\n<div class=\"iw-grid iw-grid-two\"><!-- [et_pb_line_break_holder] --><!-- [et_pb_line_break_holder] --><\/p>\n<div><!-- [et_pb_line_break_holder] --> <img decoding=\"async\" src=\"https:\/\/wp-eu.peoplepath.com\/hpi\/login\/wp-content\/uploads\/2024\/12\/241125_HPI_AlumniPortal_LandingPage_Benefits_01.webp\" alt=\"\" \/><!-- [et_pb_line_break_holder] --><\/div>\n<p><!-- [et_pb_line_break_holder] --><!-- [et_pb_line_break_holder] --><!-- [et_pb_line_break_holder] --><!-- [et_pb_line_break_holder] --><\/p>\n<div><!-- [et_pb_line_break_holder] --><!-- [et_pb_line_break_holder] --><\/p>\n<h2><!-- [et_pb_line_break_holder] --> Vorteile<!-- [et_pb_line_break_holder] --><\/h2>\n<p><!-- [et_pb_line_break_holder] --><!-- [et_pb_line_break_holder] --><!-- [et_pb_line_break_holder] --><\/p>\n<ul class=\"no-bull\"><!-- [et_pb_line_break_holder] --><!-- [et_pb_line_break_holder] --><\/p>\n<li><img decoding=\"async\" class=\"iw-icon-benefits\" src=\"https:\/\/wp-eu.peoplepath.com\/hpi\/login\/wp-content\/uploads\/2024\/12\/241125_HPI_AlumniPortal_LandingPage_Icons_Solid_01.png\" alt=\"\" \/> Bleiben Sie mit anderen HPI Alumni in Kontakt und erweitern Sie Ihr Netzwerk \u00fcber Branchen hinweg<\/li>\n<p><!-- [et_pb_line_break_holder] --><!-- [et_pb_line_break_holder] --><!-- [et_pb_line_break_holder] --><\/p>\n<li><img decoding=\"async\" class=\"iw-icon-benefits\" src=\"https:\/\/wp-eu.peoplepath.com\/hpi\/login\/wp-content\/uploads\/2024\/12\/241125_HPI_AlumniPortal_LandingPage_Icons_Solid_02.png\" alt=\"\" \/> Entdecken Sie exklusive Jobangebote, lernen Sie interessante Arbeitgeber kennen und erfahren Sie mehr \u00fcber HPI-Karriereangebote<\/li>\n<p><!-- [et_pb_line_break_holder] --><!-- [et_pb_line_break_holder] --><!-- [et_pb_line_break_holder] --><\/p>\n<li><img decoding=\"async\" class=\"iw-icon-benefits\" src=\"https:\/\/wp-eu.peoplepath.com\/hpi\/login\/wp-content\/uploads\/2024\/12\/241125_HPI_AlumniPortal_LandingPage_Icons_Solid_03.png\" alt=\"\" \/> Erhalten Sie Zugang zu exklusiven Events und Gruppen in Deutschland und international<\/li>\n<p><!-- [et_pb_line_break_holder] --><!-- [et_pb_line_break_holder] --><!-- [et_pb_line_break_holder] --><\/p>\n<li><img decoding=\"async\" class=\"iw-icon-benefits\" src=\"https:\/\/wp-eu.peoplepath.com\/hpi\/login\/wp-content\/uploads\/2024\/12\/241125_HPI_AlumniPortal_LandingPage_Icons_Solid_04.png\" alt=\"\" \/> Pr\u00e4sentieren Sie Ihr Unternehmen und gewinnen Sie Top-Talente unter den HPI Studierenden und Alumni<\/li>\n<p><!-- [et_pb_line_break_holder] --><!-- [et_pb_line_break_holder] --><\/ul>\n<p><!-- [et_pb_line_break_holder] --><!-- [et_pb_line_break_holder] --><\/div>\n<p><!-- [et_pb_line_break_holder] --><!-- [et_pb_line_break_holder] --><\/div>\n<p><!-- [et_pb_line_break_holder] --><!-- [et_pb_line_break_holder] -->[\/et_pb_code][\/et_pb_column][\/et_pb_row][\/et_pb_section][et_pb_section fb_built=&#8220;1&#8243; admin_label=&#8220;Section &#8211; spotlights&#8220; module_class=&#8220;iw-section iw-spotlight iw-theme-alt&#8220; _builder_version=&#8220;4.22.2&#8243; _module_preset=&#8220;default&#8220; collapsed=&#8220;off&#8220; global_colors_info=&#8220;{}&#8220;][et_pb_row module_class=&#8220;iw-row&#8220; _builder_version=&#8220;4.22.2&#8243; _module_preset=&#8220;default&#8220; custom_padding=&#8220;||||false|false&#8220; global_colors_info=&#8220;{}&#8220;][et_pb_column type=&#8220;4_4&#8243; _builder_version=&#8220;4.22.1&#8243; _module_preset=&#8220;default&#8220; global_colors_info=&#8220;{}&#8220;][et_pb_code _builder_version=&#8220;4.27.4&#8243; _module_preset=&#8220;default&#8220; global_colors_info=&#8220;{}&#8220;]<\/p>\n<h2><!-- [et_pb_line_break_holder] -->  Alumni-Zitate<!-- [et_pb_line_break_holder] --><\/h2>\n<p><!-- [et_pb_line_break_holder] --><\/p>\n<div class=\"glide hero iw-carousel\"><!-- [et_pb_line_break_holder] -->\t<\/p>\n<div class=\"glide__track\" data-glide-el=\"track\"><!-- [et_pb_line_break_holder] -->\t\t<\/p>\n<div class=\"glide__slides\"><!-- [et_pb_line_break_holder] -->\t\t\t<\/p>\n<div class=\"glide__slide\"><!-- [et_pb_line_break_holder] -->\t\t\t\t<\/p>\n<div class=\"iw-item iw-card\"><!-- [et_pb_line_break_holder] -->\t\t\t\t\t<img loading=\"lazy\" decoding=\"async\" src=\"\/wp-content\/uploads\/2024\/12\/Gero_Decker_HPI_1300x1300.webp\" width=\"225\" height=\"225\" alt=\"\"><!-- [et_pb_line_break_holder] -->\t\t\t\t\t<\/p>\n<h3>Dr. Gero Decker<\/h3>\n<p><!-- [et_pb_line_break_holder] -->\t\t\t\t\t<\/p>\n<h4>Gr\u00fcnder &#038; CEO<\/h4>\n<p><!-- [et_pb_line_break_holder] -->\t\t\t\t\t<pee><!-- [et_pb_line_break_holder] -->\t\t\t\t\t\t\u201cHPI hat mir gezeigt, dass Entrepreneurship tats\u00e4chlich ein gro\u00dfartiger Weg ist.\u201c<!-- [et_pb_line_break_holder] -->\t\t\t\t\t<\/pee><!-- [et_pb_line_break_holder] -->\t\t\t\t<\/div>\n<p><!-- [et_pb_line_break_holder] -->\t\t\t<\/div>\n<p><!-- [et_pb_line_break_holder] -->\t\t\t<\/p>\n<div class=\"glide__slide\"><!-- [et_pb_line_break_holder] -->\t\t\t\t<\/p>\n<div class=\"iw-item iw-card\"><!-- [et_pb_line_break_holder] -->\t\t\t\t\t<img loading=\"lazy\" decoding=\"async\" src=\"\/wp-content\/uploads\/2024\/12\/Alexandra_Ion_HPI_1300x1300.webp\" width=\"225\" height=\"225\" alt=\"\"><!-- [et_pb_line_break_holder] -->\t\t\t\t\t<\/p>\n<h3>Prof. Alexandra Ion<\/h3>\n<p><!-- [et_pb_line_break_holder] -->\t\t\t\t\t<\/p>\n<h4>Assistenzprofessorin<\/h4>\n<p><!-- [et_pb_line_break_holder] -->\t\t\t\t\t<pee><!-- [et_pb_line_break_holder] -->\t\t\t\t\t\t\u201cDas Kn\u00fcpfen von Kontakten w\u00e4hrend des Studiums ist wesentlich. Man sollte sich ein Netzwerk aufbauen: Reden, Austauschen, seine Arbeit zeigen. Das ist auch f\u00f6rderlich f\u00fcr die professionelle Forschung.\u201d<!-- [et_pb_line_break_holder] -->\t\t\t\t\t<\/pee><!-- [et_pb_line_break_holder] -->\t\t\t\t<\/div>\n<p><!-- [et_pb_line_break_holder] -->\t\t\t<\/div>\n<p><!-- [et_pb_line_break_holder] -->\t\t\t<\/p>\n<div class=\"glide__slide\"><!-- [et_pb_line_break_holder] --><!-- [et_pb_line_break_holder] -->\t\t\t\t<\/p>\n<div class=\"iw-item iw-card\"><!-- [et_pb_line_break_holder] -->\t\t\t\t\t<img loading=\"lazy\" decoding=\"async\" src=\"\/wp-content\/uploads\/2024\/12\/Alexander_Kuscher_HPI_1300x1300.webp\" width=\"225\" height=\"225\" alt=\"\"><!-- [et_pb_line_break_holder] -->\t\t\t\t\t<\/p>\n<h3>Alexander Kuscher<\/h3>\n<p><!-- [et_pb_line_break_holder] -->\t\t\t\t\t<\/p>\n<h4>Senior-Direktor<\/h4>\n<p><!-- [et_pb_line_break_holder] -->\t\t\t\t\t<pee><!-- [et_pb_line_break_holder] -->\t\t\t\t\t\t\u201cDie Freiheit und die gesunde Missachtung des Unm\u00f6glichen sind etwas, das ich aus meiner Zeit am HPI sehr sch\u00e4tze.\u201c<!-- [et_pb_line_break_holder] -->\t\t\t\t\t<\/pee><!-- [et_pb_line_break_holder] -->\t\t\t\t<\/div>\n<p><!-- [et_pb_line_break_holder] -->\t\t\t<\/div>\n<p><!-- [et_pb_line_break_holder] -->\t\t\t<\/p>\n<div class=\"glide__slide\"><!-- [et_pb_line_break_holder] -->\t\t\t\t<\/p>\n<div class=\"iw-item iw-card\"><!-- [et_pb_line_break_holder] -->\t\t\t\t\t<img loading=\"lazy\" decoding=\"async\" src=\"\/wp-content\/uploads\/2024\/12\/Lisa_Ihde_1000x1000.webp\" width=\"225\" height=\"225\" alt=\"\"><!-- [et_pb_line_break_holder] -->\t\t\t\t\t<\/p>\n<h3>Lisa Ihde<\/h3>\n<p><!-- [et_pb_line_break_holder] -->\t\t\t\t\t<\/p>\n<h4>Technische Account-Managerin &#038; Autorin<\/h4>\n<p><!-- [et_pb_line_break_holder] -->\t\t\t\t\t<pee><!-- [et_pb_line_break_holder] -->\t\t\t\t\t\t\u201cWas ich am HPI wirklich inspirierend fand, waren die M\u00f6glichkeiten, die ich hatte: fr\u00fchzeitig zu lernen, Projekte zu managen, mich zu \u00e4u\u00dfern und mich auch als Vorbild f\u00fcr andere Frauen in der IT zu sehen. Dies ist etwas, das ich bis heute in meine aktuelle Karriere mitnehme.\u201c<!-- [et_pb_line_break_holder] -->\t\t\t\t\t<\/pee><!-- [et_pb_line_break_holder] -->\t\t\t\t<\/div>\n<p><!-- [et_pb_line_break_holder] -->\t\t\t<\/div>\n<p><!-- [et_pb_line_break_holder] -->      <!-- end slides --><!-- [et_pb_line_break_holder] -->      <!-- [et_pb_line_break_holder] -->\t\t<\/div>\n<p><!-- [et_pb_line_break_holder] -->\t\t<\/p>\n<div class=\"glide__arrows\" data-glide-el=\"controls\"><!-- [et_pb_line_break_holder] -->\t\t\t<button class=\"glide__arrow glide__arrow--prev\" data-glide-dir=\"<\"><i class=\"fa-solid fa-chevron-left\"><span class=\"ir\">prev<\/span><\/i><\/button><!-- [et_pb_line_break_holder] -->\t\t\t<button class=\"glide__arrow glide__arrow--next\" data-glide-dir=\">&#8222;><i class=\"fa-solid fa-chevron-right\"><span class=\"ir\">next<\/span><\/i><\/button> <!-- [et_pb_line_break_holder] -->\t\t<\/div>\n<p><!-- [et_pb_line_break_holder] -->\t<\/div>\n<p><!-- end glide__track --><!-- [et_pb_line_break_holder] --><\/div>\n<p>[\/et_pb_code][\/et_pb_column][\/et_pb_row][\/et_pb_section]<\/p>\n","protected":false},"excerpt":{"rendered":"<p>Ihr HPI Alumni- und KarriereportalWerden Sie Teil des weltweiten HPI Netzwerks und gestalten Sie Ihren beruflichen ErfolgRegistrieren<\/p>\n","protected":false},"author":1,"featured_media":0,"parent":0,"menu_order":0,"comment_status":"closed","ping_status":"closed","template":"","meta":{"_et_pb_use_builder":"on","_et_pb_old_content":"","_et_gb_content_width":"","inline_featured_image":false,"footnotes":""},"class_list":["post-1783","page","type-page","status-publish","hentry"],"yoast_head":"<!-- This site is optimized with the Yoast SEO plugin v27.6 - https:\/\/yoast.com\/product\/yoast-seo-wordpress\/ -->\n<title>HPI Alumni &amp; Career Portal<\/title>\n<meta name=\"robots\" content=\"index, follow, max-snippet:-1, max-image-preview:large, max-video-preview:-1\" \/>\n<link rel=\"canonical\" href=\"https:\/\/hpi-alumni.de\/login\/\" \/>\n<meta property=\"og:locale\" content=\"de_DE\" \/>\n<meta property=\"og:type\" content=\"article\" \/>\n<meta property=\"og:title\" content=\"HPI Alumni &amp; Career Portal\" \/>\n<meta property=\"og:description\" content=\"Ihr HPI Alumni- und KarriereportalWerden Sie Teil des weltweiten HPI Netzwerks und gestalten Sie Ihren beruflichen ErfolgRegistrieren\" \/>\n<meta property=\"og:url\" content=\"https:\/\/hpi-alumni.de\/login\/\" \/>\n<meta property=\"og:site_name\" content=\"HPI Alumni &amp; Career Portal\" \/>\n<meta property=\"article:modified_time\" content=\"2026-03-24T14:40:21+00:00\" \/>\n<meta property=\"og:image\" content=\"https:\/\/hpi-alumni.de\/login\/wp-content\/uploads\/2024\/12\/og-image-hpi-1024x538.jpg\" \/>\n<meta name=\"twitter:card\" content=\"summary_large_image\" \/>\n<meta name=\"twitter:image\" content=\"https:\/\/hpi-alumni.de\/login\/wp-content\/uploads\/2024\/12\/og-image-hpi.jpg\" \/>\n<meta name=\"twitter:label1\" content=\"Gesch\u00e4tzte Lesezeit\" \/>\n\t<meta name=\"twitter:data1\" content=\"3\u00a0Minuten\" \/>\n<script type=\"application\/ld+json\" class=\"yoast-schema-graph\">{\"@context\":\"https:\\\/\\\/schema.org\",\"@graph\":[{\"@type\":\"WebPage\",\"@id\":\"https:\\\/\\\/hpi-alumni.de\\\/login\\\/\",\"url\":\"https:\\\/\\\/hpi-alumni.de\\\/login\\\/\",\"name\":\"HPI Alumni &amp; Career Portal\",\"isPartOf\":{\"@id\":\"https:\\\/\\\/hpi-alumni.de\\\/login\\\/#website\"},\"primaryImageOfPage\":{\"@id\":\"https:\\\/\\\/hpi-alumni.de\\\/login\\\/#primaryimage\"},\"image\":{\"@id\":\"https:\\\/\\\/hpi-alumni.de\\\/login\\\/#primaryimage\"},\"thumbnailUrl\":\"https:\\\/\\\/wp-eu.peoplepath.com\\\/hpi\\\/login\\\/wp-content\\\/uploads\\\/2024\\\/12\\\/241125_HPI_AlumniPortal_LandingPage_Benefits_01.webp\",\"datePublished\":\"2019-10-23T12:34:21+00:00\",\"dateModified\":\"2026-03-24T14:40:21+00:00\",\"breadcrumb\":{\"@id\":\"https:\\\/\\\/hpi-alumni.de\\\/login\\\/#breadcrumb\"},\"inLanguage\":\"de\",\"potentialAction\":[{\"@type\":\"ReadAction\",\"target\":[\"https:\\\/\\\/hpi-alumni.de\\\/login\\\/\"]}]},{\"@type\":\"ImageObject\",\"inLanguage\":\"de\",\"@id\":\"https:\\\/\\\/hpi-alumni.de\\\/login\\\/#primaryimage\",\"url\":\"https:\\\/\\\/wp-eu.peoplepath.com\\\/hpi\\\/login\\\/wp-content\\\/uploads\\\/2024\\\/12\\\/241125_HPI_AlumniPortal_LandingPage_Benefits_01.webp\",\"contentUrl\":\"https:\\\/\\\/wp-eu.peoplepath.com\\\/hpi\\\/login\\\/wp-content\\\/uploads\\\/2024\\\/12\\\/241125_HPI_AlumniPortal_LandingPage_Benefits_01.webp\"},{\"@type\":\"BreadcrumbList\",\"@id\":\"https:\\\/\\\/hpi-alumni.de\\\/login\\\/#breadcrumb\",\"itemListElement\":[{\"@type\":\"ListItem\",\"position\":1,\"name\":\"Home\",\"item\":\"https:\\\/\\\/hpi-alumni.de\\\/login\\\/\"},{\"@type\":\"ListItem\",\"position\":2,\"name\":\"Login\"}]},{\"@type\":\"WebSite\",\"@id\":\"https:\\\/\\\/hpi-alumni.de\\\/login\\\/#website\",\"url\":\"https:\\\/\\\/hpi-alumni.de\\\/login\\\/\",\"name\":\"HPI Alumni &amp; Career Portal\",\"description\":\"\",\"potentialAction\":[{\"@type\":\"SearchAction\",\"target\":{\"@type\":\"EntryPoint\",\"urlTemplate\":\"https:\\\/\\\/hpi-alumni.de\\\/login\\\/?s={search_term_string}\"},\"query-input\":{\"@type\":\"PropertyValueSpecification\",\"valueRequired\":true,\"valueName\":\"search_term_string\"}}],\"inLanguage\":\"de\"}]}<\/script>\n<!-- \/ Yoast SEO plugin. -->","yoast_head_json":{"title":"HPI Alumni &amp; Career Portal","robots":{"index":"index","follow":"follow","max-snippet":"max-snippet:-1","max-image-preview":"max-image-preview:large","max-video-preview":"max-video-preview:-1"},"canonical":"https:\/\/hpi-alumni.de\/login\/","og_locale":"de_DE","og_type":"article","og_title":"HPI Alumni &amp; Career Portal","og_description":"Ihr HPI Alumni- und KarriereportalWerden Sie Teil des weltweiten HPI Netzwerks und gestalten Sie Ihren beruflichen ErfolgRegistrieren","og_url":"https:\/\/hpi-alumni.de\/login\/","og_site_name":"HPI Alumni &amp; Career Portal","article_modified_time":"2026-03-24T14:40:21+00:00","og_image":[{"url":"https:\/\/hpi-alumni.de\/login\/wp-content\/uploads\/2024\/12\/og-image-hpi-1024x538.jpg","type":"","width":"","height":""}],"twitter_card":"summary_large_image","twitter_image":"https:\/\/hpi-alumni.de\/login\/wp-content\/uploads\/2024\/12\/og-image-hpi.jpg","twitter_misc":{"Gesch\u00e4tzte Lesezeit":"3\u00a0Minuten"},"schema":{"@context":"https:\/\/schema.org","@graph":[{"@type":"WebPage","@id":"https:\/\/hpi-alumni.de\/login\/","url":"https:\/\/hpi-alumni.de\/login\/","name":"HPI Alumni &amp; Career Portal","isPartOf":{"@id":"https:\/\/hpi-alumni.de\/login\/#website"},"primaryImageOfPage":{"@id":"https:\/\/hpi-alumni.de\/login\/#primaryimage"},"image":{"@id":"https:\/\/hpi-alumni.de\/login\/#primaryimage"},"thumbnailUrl":"https:\/\/wp-eu.peoplepath.com\/hpi\/login\/wp-content\/uploads\/2024\/12\/241125_HPI_AlumniPortal_LandingPage_Benefits_01.webp","datePublished":"2019-10-23T12:34:21+00:00","dateModified":"2026-03-24T14:40:21+00:00","breadcrumb":{"@id":"https:\/\/hpi-alumni.de\/login\/#breadcrumb"},"inLanguage":"de","potentialAction":[{"@type":"ReadAction","target":["https:\/\/hpi-alumni.de\/login\/"]}]},{"@type":"ImageObject","inLanguage":"de","@id":"https:\/\/hpi-alumni.de\/login\/#primaryimage","url":"https:\/\/wp-eu.peoplepath.com\/hpi\/login\/wp-content\/uploads\/2024\/12\/241125_HPI_AlumniPortal_LandingPage_Benefits_01.webp","contentUrl":"https:\/\/wp-eu.peoplepath.com\/hpi\/login\/wp-content\/uploads\/2024\/12\/241125_HPI_AlumniPortal_LandingPage_Benefits_01.webp"},{"@type":"BreadcrumbList","@id":"https:\/\/hpi-alumni.de\/login\/#breadcrumb","itemListElement":[{"@type":"ListItem","position":1,"name":"Home","item":"https:\/\/hpi-alumni.de\/login\/"},{"@type":"ListItem","position":2,"name":"Login"}]},{"@type":"WebSite","@id":"https:\/\/hpi-alumni.de\/login\/#website","url":"https:\/\/hpi-alumni.de\/login\/","name":"HPI Alumni &amp; Career Portal","description":"","potentialAction":[{"@type":"SearchAction","target":{"@type":"EntryPoint","urlTemplate":"https:\/\/hpi-alumni.de\/login\/?s={search_term_string}"},"query-input":{"@type":"PropertyValueSpecification","valueRequired":true,"valueName":"search_term_string"}}],"inLanguage":"de"}]}},"_links":{"self":[{"href":"https:\/\/hpi-alumni.de\/login\/wp-json\/wp\/v2\/pages\/1783","targetHints":{"allow":["GET"]}}],"collection":[{"href":"https:\/\/hpi-alumni.de\/login\/wp-json\/wp\/v2\/pages"}],"about":[{"href":"https:\/\/hpi-alumni.de\/login\/wp-json\/wp\/v2\/types\/page"}],"author":[{"embeddable":true,"href":"https:\/\/hpi-alumni.de\/login\/wp-json\/wp\/v2\/users\/1"}],"replies":[{"embeddable":true,"href":"https:\/\/hpi-alumni.de\/login\/wp-json\/wp\/v2\/comments?post=1783"}],"version-history":[{"count":34,"href":"https:\/\/hpi-alumni.de\/login\/wp-json\/wp\/v2\/pages\/1783\/revisions"}],"predecessor-version":[{"id":2495,"href":"https:\/\/hpi-alumni.de\/login\/wp-json\/wp\/v2\/pages\/1783\/revisions\/2495"}],"wp:attachment":[{"href":"https:\/\/hpi-alumni.de\/login\/wp-json\/wp\/v2\/media?parent=1783"}],"curies":[{"name":"wp","href":"https:\/\/api.w.org\/{rel}","templated":true}]}}